{"id":2968,"date":"2023-05-16T13:14:20","date_gmt":"2023-05-16T17:14:20","guid":{"rendered":"https:\/\/globality2023.switch.makemagik.com\/tarjeta-de-servicio\/"},"modified":"2023-05-16T13:36:18","modified_gmt":"2023-05-16T17:36:18","slug":"tarjeta-de-servicio","status":"publish","type":"page","link":"https:\/\/globality.globalexcel.com\/es\/tarjeta-de-servicio\/","title":{"rendered":"Tarjeta de servicio"},"content":{"rendered":"\t\t<div data-elementor-type=\"wp-page\" data-elementor-id=\"2968\" class=\"elementor elementor-2968 elementor-2796\" data-elementor-post-type=\"page\">\n\t\t\t\t<div class=\"elementor-element elementor-element-65a3a47 e-flex e-con-boxed e-con e-parent\" data-id=\"65a3a47\" data-element_type=\"container\" data-e-type=\"container\" data-settings=\"{&quot;background_background&quot;:&quot;classic&quot;}\">\n\t\t\t\t\t<div class=\"e-con-inner\">\n\t\t\t\t<div class=\"elementor-element elementor-element-74d447a elementor-widget elementor-widget-heading\" data-id=\"74d447a\" data-element_type=\"widget\" data-e-type=\"widget\" data-widget_type=\"heading.default\">\n\t\t\t\t<div class=\"elementor-widget-container\">\n\t\t\t\t\t<h1 class=\"elementor-heading-title elementor-size-default\">Tarjeta de servicio<\/h1>\t\t\t\t<\/div>\n\t\t\t\t<\/div>\n\t\t\t\t\t<\/div>\n\t\t\t\t<\/div>\n\t\t<div class=\"elementor-element elementor-element-da69158 e-flex e-con-boxed e-con e-parent\" data-id=\"da69158\" data-element_type=\"container\" data-e-type=\"container\">\n\t\t\t\t\t<div class=\"e-con-inner\">\n\t\t\t\t<div class=\"elementor-element elementor-element-16dee9f elementor-widget elementor-widget-heading\" data-id=\"16dee9f\" data-element_type=\"widget\" data-e-type=\"widget\" data-widget_type=\"heading.default\">\n\t\t\t\t<div class=\"elementor-widget-container\">\n\t\t\t\t\t<h2 class=\"elementor-heading-title elementor-size-default\">Dentro de las redes m\u00e9dicas AETNA y CVS, no tendr\u00e1 que pagar ninguna consulta por s\u00ed mismo.<\/h2>\t\t\t\t<\/div>\n\t\t\t\t<\/div>\n\t\t\t\t<div class=\"elementor-element elementor-element-8a5adf3 elementor-widget elementor-widget-text-editor\" data-id=\"8a5adf3\" data-element_type=\"widget\" data-e-type=\"widget\" data-widget_type=\"text-editor.default\">\n\t\t\t\t<div class=\"elementor-widget-container\">\n\t\t\t\t\t\t\t\t\t<div class=\"wpb_text_column wpb_content_element \">\n<div class=\"wpb_wrapper\">\n<p>Por lo tanto, presente su tarjeta de seguro a su proveedor de servicios m\u00e9dicos (m\u00e9dicos, hospitales) y mencione que la red es Aetna Passport to Healthcare (tambi\u00e9n conocida como Aetna Global PPO). Una vez presentada la tarjeta, el consultorio del proveedor se pondr\u00e1 en contacto con GEM para obtener detalles adicionales y verificaci\u00f3n. <\/p>\n<h3><strong>Por favor, presente la tarjeta en cada visita y tratamiento.<\/strong><\/h3>\n<p>Es importante llevar la tarjeta del seguro con usted en todo momento. La tarjeta tiene informaci\u00f3n importante en el reverso que permite a los proveedores m\u00e9dicos dirigir sus reclamaciones a Global Excel Management para su tramitaci\u00f3n. Si la tarjeta del seguro no se presenta al proveedor m\u00e9dico, las facturas y los recordatorios se le enviar\u00e1n directamente a usted.  <\/p>\n<\/div>\n<\/div>\n<div id=\"fws_645a772870c56\" class=\"wpb_row vc_row-fluid vc_row inner_row\" data-midnight=\"\" data-column-margin=\"default\">\n<div class=\"row-bg-wrap\">\n<div class=\"row-bg\"> <\/div>\n<\/div>\n<div class=\"row_col_wrap_12_inner col span_12 left\">\n<div class=\"vc_col-sm-6 wpb_column column_container vc_column_container col child_column padding-2-percent\" data-padding-pos=\"all\" data-has-bg-color=\"false\" data-bg-color=\"\" data-bg-opacity=\"1\" data-animation=\"\" data-delay=\"0\">\n<div class=\"vc_column-inner\">\n<div class=\"wpb_wrapper\">\n<div class=\"img-with-aniamtion-wrap right\" data-max-width=\"100%\" data-max-width-mobile=\"100%\" data-shadow=\"none\" data-animation=\"fade-in-from-right\">\n<div class=\"inner\">\n<div class=\"hover-wrap\"> <\/div>\n<\/div>\n<\/div>\n<\/div>\n<\/div>\n<\/div>\n<\/div>\n<\/div>\n\t\t\t\t\t\t\t\t<\/div>\n\t\t\t\t<\/div>\n\t\t<div class=\"elementor-element elementor-element-3639f30 e-flex e-con-boxed e-con e-parent\" data-id=\"3639f30\" data-element_type=\"container\" data-e-type=\"container\">\n\t\t\t\t\t<div class=\"e-con-inner\">\n\t\t<div class=\"elementor-element elementor-element-dcdfcbb e-con-full e-flex e-con e-parent\" data-id=\"dcdfcbb\" data-element_type=\"container\" data-e-type=\"container\">\n\t\t\t\t<div class=\"elementor-element elementor-element-ca789d3 elementor-invisible elementor-widget elementor-widget-image\" data-id=\"ca789d3\" data-element_type=\"widget\" data-e-type=\"widget\" data-settings=\"{&quot;_animation&quot;:&quot;fadeInLeft&quot;}\" data-widget_type=\"image.default\">\n\t\t\t\t<div class=\"elementor-widget-container\">\n\t\t\t\t\t\t\t\t\t\t\t\t\t\t\t\t<a href=\"https:\/\/globality.globalexcel.com\/wp-content\/uploads\/recto-1N-1.jpg\" data-elementor-open-lightbox=\"yes\" data-elementor-lightbox-title=\"recto-1N-1\" data-e-action-hash=\"#elementor-action%3Aaction%3Dlightbox%26settings%3DeyJpZCI6MjgwNywidXJsIjoiaHR0cHM6XC9cL2dsb2JhbGl0eS5nbG9iYWxleGNlbC5jb21cL3dwLWNvbnRlbnRcL3VwbG9hZHNcL3JlY3RvLTFOLTEuanBnIn0%3D\">\n\t\t\t\t\t\t\t<img fetchpriority=\"high\" decoding=\"async\" width=\"800\" height=\"504\" src=\"https:\/\/globality.globalexcel.com\/wp-content\/uploads\/recto-1N-1.jpg\" class=\"attachment-large size-large wp-image-2807\" alt=\"\" srcset=\"https:\/\/globality.globalexcel.com\/wp-content\/uploads\/recto-1N-1.jpg 800w, https:\/\/globality.globalexcel.com\/wp-content\/uploads\/recto-1N-1-768x484.jpg 768w\" sizes=\"(max-width: 800px) 100vw, 800px\" \/>\t\t\t\t\t\t\t\t<\/a>\n\t\t\t\t\t\t\t\t\t\t\t\t\t\t\t<\/div>\n\t\t\t\t<\/div>\n\t\t\t\t<div class=\"elementor-element elementor-element-26b0e0e elementor-widget elementor-widget-text-editor\" data-id=\"26b0e0e\" data-element_type=\"widget\" data-e-type=\"widget\" data-widget_type=\"text-editor.default\">\n\t\t\t\t<div class=\"elementor-widget-container\">\n\t\t\t\t\t\t\t\t\t<p><em>Anverso<\/em><\/p>\n\t\t\t\t\t\t\t\t<\/div>\n\t\t\t\t<\/div>\n\t\t\t\t<\/div>\n\t\t<div class=\"elementor-element elementor-element-a8ef35e e-con-full e-flex e-con e-parent\" data-id=\"a8ef35e\" data-element_type=\"container\" data-e-type=\"container\">\n\t\t\t\t<div class=\"elementor-element elementor-element-725bd54 elementor-invisible elementor-widget elementor-widget-image\" data-id=\"725bd54\" data-element_type=\"widget\" data-e-type=\"widget\" data-settings=\"{&quot;_animation&quot;:&quot;fadeInLeft&quot;}\" data-widget_type=\"image.default\">\n\t\t\t\t<div class=\"elementor-widget-container\">\n\t\t\t\t\t\t\t\t\t\t\t\t\t\t\t\t<a href=\"https:\/\/globality.globalexcel.com\/wp-content\/uploads\/verso-1.jpg\" data-elementor-open-lightbox=\"yes\" data-elementor-lightbox-title=\"verso-1\" data-e-action-hash=\"#elementor-action%3Aaction%3Dlightbox%26settings%3DeyJpZCI6MjgxMSwidXJsIjoiaHR0cHM6XC9cL2dsb2JhbGl0eS5nbG9iYWxleGNlbC5jb21cL3dwLWNvbnRlbnRcL3VwbG9hZHNcL3ZlcnNvLTEuanBnIn0%3D\">\n\t\t\t\t\t\t\t<img decoding=\"async\" width=\"800\" height=\"504\" src=\"https:\/\/globality.globalexcel.com\/wp-content\/uploads\/verso-1.jpg\" class=\"attachment-large size-large wp-image-2811\" alt=\"\" srcset=\"https:\/\/globality.globalexcel.com\/wp-content\/uploads\/verso-1.jpg 800w, https:\/\/globality.globalexcel.com\/wp-content\/uploads\/verso-1-768x484.jpg 768w\" sizes=\"(max-width: 800px) 100vw, 800px\" \/>\t\t\t\t\t\t\t\t<\/a>\n\t\t\t\t\t\t\t\t\t\t\t\t\t\t\t<\/div>\n\t\t\t\t<\/div>\n\t\t\t\t<div class=\"elementor-element elementor-element-c1b27e3 elementor-widget elementor-widget-text-editor\" data-id=\"c1b27e3\" data-element_type=\"widget\" data-e-type=\"widget\" data-widget_type=\"text-editor.default\">\n\t\t\t\t<div class=\"elementor-widget-container\">\n\t\t\t\t\t\t\t\t\t<p><em>Reverso<\/em><\/p>\n\t\t\t\t\t\t\t\t<\/div>\n\t\t\t\t<\/div>\n\t\t\t\t<\/div>\n\t\t\t\t\t<\/div>\n\t\t\t\t<\/div>\n\t\t<div class=\"elementor-element elementor-element-69c13fa e-flex e-con-boxed e-con e-parent\" data-id=\"69c13fa\" data-element_type=\"container\" data-e-type=\"container\">\n\t\t\t\t\t<div class=\"e-con-inner\">\n\t\t\t\t<div class=\"elementor-element elementor-element-3cd0a85 elementor-widget elementor-widget-text-editor\" data-id=\"3cd0a85\" data-element_type=\"widget\" data-e-type=\"widget\" data-widget_type=\"text-editor.default\">\n\t\t\t\t<div class=\"elementor-widget-container\">\n\t\t\t\t\t\t\t\t\t<p>Si todav\u00eda no ha recibido una tarjeta de seguro f\u00edsica, le rogamos que se ponga en contacto con nosotros (<a href=\"mailto:service@globalexcel.com\">service@globalexcel.com<\/a>) lo antes posible por tel\u00e9fono o por correo electr\u00f3nico para facilitarnos su direcci\u00f3n postal actual. Despu\u00e9s de facilitarnos la direcci\u00f3n, emitiremos una tarjeta de seguro f\u00edsica y se la enviaremos.<\/p>\n\t\t\t\t\t\t\t\t<\/div>\n\t\t\t\t<\/div>\n\t\t\t\t\t<\/div>\n\t\t\t\t<\/div>\n\t\t\t\t\t<\/div>\n\t\t\t\t<\/div>\n\t\t\t\t<\/div>\n\t\t","protected":false},"excerpt":{"rendered":"<p>Tarjeta de servicio Dentro de las redes m\u00e9dicas AETNA y CVS, no tendr\u00e1 que pagar ninguna consulta por s\u00ed mismo. Por lo tanto, presente su tarjeta de seguro a su proveedor de servicios m\u00e9dicos (m\u00e9dicos, hospitales) y mencione que la red es Aetna Passport to Healthcare (tambi\u00e9n conocida como Aetna Global PPO). Una vez presentada [&hellip;]<\/p>\n","protected":false},"author":3,"featured_media":0,"parent":0,"menu_order":0,"comment_status":"closed","ping_status":"closed","template":"","meta":{"inline_featured_image":false,"footnotes":""},"class_list":["post-2968","page","type-page","status-publish","hentry"],"_links":{"self":[{"href":"https:\/\/globality.globalexcel.com\/es\/wp-json\/wp\/v2\/pages\/2968","targetHints":{"allow":["GET"]}}],"collection":[{"href":"https:\/\/globality.globalexcel.com\/es\/wp-json\/wp\/v2\/pages"}],"about":[{"href":"https:\/\/globality.globalexcel.com\/es\/wp-json\/wp\/v2\/types\/page"}],"author":[{"embeddable":true,"href":"https:\/\/globality.globalexcel.com\/es\/wp-json\/wp\/v2\/users\/3"}],"replies":[{"embeddable":true,"href":"https:\/\/globality.globalexcel.com\/es\/wp-json\/wp\/v2\/comments?post=2968"}],"version-history":[{"count":2,"href":"https:\/\/globality.globalexcel.com\/es\/wp-json\/wp\/v2\/pages\/2968\/revisions"}],"predecessor-version":[{"id":2974,"href":"https:\/\/globality.globalexcel.com\/es\/wp-json\/wp\/v2\/pages\/2968\/revisions\/2974"}],"wp:attachment":[{"href":"https:\/\/globality.globalexcel.com\/es\/wp-json\/wp\/v2\/media?parent=2968"}],"curies":[{"name":"wp","href":"https:\/\/api.w.org\/{rel}","templated":true}]}}