{"id":2459,"date":"2023-03-22T09:34:22","date_gmt":"2023-03-22T13:34:22","guid":{"rendered":"https:\/\/demorc.globalexcel.com\/encuentre-un-proveedor-medico-de-participacion\/"},"modified":"2023-05-16T13:53:03","modified_gmt":"2023-05-16T17:53:03","slug":"encuentre-un-proveedor-medico-de-participacion","status":"publish","type":"page","link":"https:\/\/globality.globalexcel.com\/es\/encuentre-un-proveedor-medico-de-participacion\/","title":{"rendered":"Encuentre un proveedor m\u00e9dico de participaci\u00f3n"},"content":{"rendered":"\t\t<div data-elementor-type=\"wp-page\" data-elementor-id=\"2459\" class=\"elementor elementor-2459 elementor-1524\" data-elementor-post-type=\"page\">\n\t\t\t\t<div class=\"elementor-element elementor-element-65a3a47 e-flex e-con-boxed e-con e-parent\" data-id=\"65a3a47\" data-element_type=\"container\" data-e-type=\"container\" data-settings=\"{&quot;background_background&quot;:&quot;classic&quot;}\">\n\t\t\t\t\t<div class=\"e-con-inner\">\n\t\t\t\t<div class=\"elementor-element elementor-element-a40a6d7 elementor-widget elementor-widget-heading\" data-id=\"a40a6d7\" data-element_type=\"widget\" data-e-type=\"widget\" data-widget_type=\"heading.default\">\n\t\t\t\t<div class=\"elementor-widget-container\">\n\t\t\t\t\t<h1 class=\"elementor-heading-title elementor-size-default\">Encuentre un proveedor m\u00e9dico de participaci\u00f3n<\/h1>\t\t\t\t<\/div>\n\t\t\t\t<\/div>\n\t\t\t\t\t<\/div>\n\t\t\t\t<\/div>\n\t\t<div class=\"elementor-element elementor-element-da69158 e-flex e-con-boxed e-con e-parent\" data-id=\"da69158\" data-element_type=\"container\" data-e-type=\"container\">\n\t\t\t\t\t<div class=\"e-con-inner\">\n\t\t\t\t<div class=\"elementor-element elementor-element-16dee9f elementor-widget elementor-widget-heading\" data-id=\"16dee9f\" data-element_type=\"widget\" data-e-type=\"widget\" data-widget_type=\"heading.default\">\n\t\t\t\t<div class=\"elementor-widget-container\">\n\t\t\t\t\t<h2 class=\"elementor-heading-title elementor-size-default\"><strong>Global Excel<\/strong> tiene asociaciones con redes de proveedores en todo el pa\u00eds, lo que garantiza que los miembros tengan un acceso conveniente a la atenci\u00f3n de alta calidad a un costo razonable.<\/h2>\t\t\t\t<\/div>\n\t\t\t\t<\/div>\n\t\t\t\t<div class=\"elementor-element elementor-element-a21c310 elementor-widget elementor-widget-button\" data-id=\"a21c310\" data-element_type=\"widget\" data-e-type=\"widget\" data-widget_type=\"button.default\">\n\t\t\t\t<div class=\"elementor-widget-container\">\n\t\t\t\t\t\t\t\t\t<div class=\"elementor-button-wrapper\">\n\t\t\t\t\t<a class=\"elementor-button elementor-button-link elementor-size-xl\" href=\"https:\/\/www.aetna.com\/dsepublic\/#\/contentPage?page=providerSearchLanding&#038;site_id=passport&#038;language=es\" target=\"_blank\">\n\t\t\t\t\t\t<span class=\"elementor-button-content-wrapper\">\n\t\t\t\t\t\t<span class=\"elementor-button-icon\">\n\t\t\t\t<i aria-hidden=\"true\" class=\"fas fa-arrow-right\"><\/i>\t\t\t<\/span>\n\t\t\t\t\t\t\t\t\t<span class=\"elementor-button-text\">Buscar un proveedor<\/span>\n\t\t\t\t\t<\/span>\n\t\t\t\t\t<\/a>\n\t\t\t\t<\/div>\n\t\t\t\t\t\t\t\t<\/div>\n\t\t\t\t<\/div>\n\t\t\t\t<div class=\"elementor-element elementor-element-1501a1f elementor-widget-divider--view-line elementor-widget elementor-widget-divider\" data-id=\"1501a1f\" data-element_type=\"widget\" data-e-type=\"widget\" data-widget_type=\"divider.default\">\n\t\t\t\t<div class=\"elementor-widget-container\">\n\t\t\t\t\t\t\t<div class=\"elementor-divider\">\n\t\t\t<span class=\"elementor-divider-separator\">\n\t\t\t\t\t\t<\/span>\n\t\t<\/div>\n\t\t\t\t\t\t<\/div>\n\t\t\t\t<\/div>\n\t\t\t\t<div class=\"elementor-element elementor-element-aa20d4a elementor-widget elementor-widget-heading\" data-id=\"aa20d4a\" data-element_type=\"widget\" data-e-type=\"widget\" data-widget_type=\"heading.default\">\n\t\t\t\t<div class=\"elementor-widget-container\">\n\t\t\t\t\t<h2 class=\"elementor-heading-title elementor-size-default\">Beneficios de permanecer en la red<\/h2>\t\t\t\t<\/div>\n\t\t\t\t<\/div>\n\t\t\t\t<div class=\"elementor-element elementor-element-365d676 elementor-widget elementor-widget-text-editor\" data-id=\"365d676\" data-element_type=\"widget\" data-e-type=\"widget\" data-widget_type=\"text-editor.default\">\n\t\t\t\t<div class=\"elementor-widget-container\">\n\t\t\t\t\t\t\t\t\t<p>El principal objetivo de Global Excel es proporcionar acceso a una atenci\u00f3n m\u00e9dica rentable y de calidad. En los EE.UU., los m\u00e9dicos y los hospitales suelen estar afiliados a una red determinada, que se explica con m\u00e1s detalle en nuestra p\u00e1gina <a href=\"https:\/\/globality.globalexcel.com\/es\/conocer-el-sistema-sanitario-local\/\">Conozca mi sistema sanitario<\/a>. <\/p>\n<p>Acudir a un proveedor \u00abde la red\u00bb le beneficia, ya que el proveedor no suele exigir un pago por adelantado (a menos que haya un copago o una franquicia), y ya ha sido examinado en cuanto a costes y calidad.<\/p>\n<p><strong style=\"text-align: var(--text-align); font-size: 1em;\">La red Global Excel le ofrece acceso en todo el pa\u00eds a lo siguiente:<\/strong><\/p>\n<ul>\n<li>M\u00e1s de 690.000 m\u00e9dicos de atenci\u00f3n primaria y especialistas<\/li>\n<li>M\u00e1s de 5.700 hospitales<\/li>\n<\/ul>\n\t\t\t\t\t\t\t\t<\/div>\n\t\t\t\t<\/div>\n\t\t\t\t<div class=\"elementor-element elementor-element-1c0d6e1 elementor-widget-divider--view-line elementor-widget elementor-widget-divider\" data-id=\"1c0d6e1\" data-element_type=\"widget\" data-e-type=\"widget\" data-widget_type=\"divider.default\">\n\t\t\t\t<div class=\"elementor-widget-container\">\n\t\t\t\t\t\t\t<div class=\"elementor-divider\">\n\t\t\t<span class=\"elementor-divider-separator\">\n\t\t\t\t\t\t<\/span>\n\t\t<\/div>\n\t\t\t\t\t\t<\/div>\n\t\t\t\t<\/div>\n\t\t\t\t<div class=\"elementor-element elementor-element-a5cdff0 elementor-widget elementor-widget-heading\" data-id=\"a5cdff0\" data-element_type=\"widget\" data-e-type=\"widget\" data-widget_type=\"heading.default\">\n\t\t\t\t<div class=\"elementor-widget-container\">\n\t\t\t\t\t<h2 class=\"elementor-heading-title elementor-size-default\">Buscar un proveedor<\/h2>\t\t\t\t<\/div>\n\t\t\t\t<\/div>\n\t\t\t\t<div class=\"elementor-element elementor-element-2ced8e5 elementor-widget elementor-widget-text-editor\" data-id=\"2ced8e5\" data-element_type=\"widget\" data-e-type=\"widget\" data-widget_type=\"text-editor.default\">\n\t\t\t\t<div class=\"elementor-widget-container\">\n\t\t\t\t\t\t\t\t\tPara encontrar el m\u00e9dico, especialista u hospital que mejor se adapte a sus necesidades, haga <a href=\"https:\/\/www.aetna.com\/dsepublic\/#\/contentPage?page=providerSearchLanding&#038;site_id=passport&#038;language=es\" target=\"_blank\" rel=\"noopener\">clic aqu\u00ed<\/a> y p\u00f3ngase en contacto directamente con un proveedor.\n<ul>\n \t<li>Cuando reserve una cita, informe al proveedor de que su seguro est\u00e1 cubierto a trav\u00e9s de la red PPO identificada en su tarjeta de beneficios personalizada<\/li>\n \t<li>Si el proveedor quiere verificar la elegibilidad, debe llamar a Global Excel al 1-833-243-0061<\/li>\n \t<li>Traiga su tarjeta de beneficios personalizada el d\u00eda de su visita.<\/li>\n \t<li>La atenci\u00f3n cubierta por su seguro se pagar\u00e1 directamente al proveedor. Es posible que quede una parte por pagar en funci\u00f3n del nivel de cobertura.<\/li>\n<\/ul>\t\t\t\t\t\t\t\t<\/div>\n\t\t\t\t<\/div>\n\t\t\t\t\t<\/div>\n\t\t\t\t<\/div>\n\t\t<div class=\"elementor-element elementor-element-dfde001 e-flex e-con-boxed e-con e-parent\" data-id=\"dfde001\" data-element_type=\"container\" data-e-type=\"container\" data-settings=\"{&quot;background_background&quot;:&quot;classic&quot;}\">\n\t\t\t\t\t<div class=\"e-con-inner\">\n\t\t\t\t<div class=\"elementor-element elementor-element-f99e2b2 elementor-widget elementor-widget-button\" data-id=\"f99e2b2\" data-element_type=\"widget\" data-e-type=\"widget\" data-widget_type=\"button.default\">\n\t\t\t\t<div class=\"elementor-widget-container\">\n\t\t\t\t\t\t\t\t\t<div class=\"elementor-button-wrapper\">\n\t\t\t\t\t<a class=\"elementor-button elementor-button-link elementor-size-xl\" href=\"https:\/\/www.aetna.com\/dsepublic\/#\/contentPage?page=providerSearchLanding&#038;site_id=passport&#038;language=es\" target=\"_blank\">\n\t\t\t\t\t\t<span class=\"elementor-button-content-wrapper\">\n\t\t\t\t\t\t<span class=\"elementor-button-icon\">\n\t\t\t\t<i aria-hidden=\"true\" class=\"fas fa-arrow-right\"><\/i>\t\t\t<\/span>\n\t\t\t\t\t\t\t\t\t<span class=\"elementor-button-text\">Buscar un proveedor<\/span>\n\t\t\t\t\t<\/span>\n\t\t\t\t\t<\/a>\n\t\t\t\t<\/div>\n\t\t\t\t\t\t\t\t<\/div>\n\t\t\t\t<\/div>\n\t\t\t\t\t<\/div>\n\t\t\t\t<\/div>\n\t\t\t\t<\/div>\n\t\t","protected":false},"excerpt":{"rendered":"<p>Encuentre un proveedor m\u00e9dico de participaci\u00f3n Global Excel tiene asociaciones con redes de proveedores en todo el pa\u00eds, lo que garantiza que los miembros tengan un acceso conveniente a la atenci\u00f3n de alta calidad a un costo razonable. Buscar un proveedor Beneficios de permanecer en la red El principal objetivo de Global Excel es proporcionar [&hellip;]<\/p>\n","protected":false},"author":2,"featured_media":0,"parent":0,"menu_order":0,"comment_status":"closed","ping_status":"closed","template":"","meta":{"inline_featured_image":false,"footnotes":""},"class_list":["post-2459","page","type-page","status-publish","hentry"],"_links":{"self":[{"href":"https:\/\/globality.globalexcel.com\/es\/wp-json\/wp\/v2\/pages\/2459","targetHints":{"allow":["GET"]}}],"collection":[{"href":"https:\/\/globality.globalexcel.com\/es\/wp-json\/wp\/v2\/pages"}],"about":[{"href":"https:\/\/globality.globalexcel.com\/es\/wp-json\/wp\/v2\/types\/page"}],"author":[{"embeddable":true,"href":"https:\/\/globality.globalexcel.com\/es\/wp-json\/wp\/v2\/users\/2"}],"replies":[{"embeddable":true,"href":"https:\/\/globality.globalexcel.com\/es\/wp-json\/wp\/v2\/comments?post=2459"}],"version-history":[{"count":14,"href":"https:\/\/globality.globalexcel.com\/es\/wp-json\/wp\/v2\/pages\/2459\/revisions"}],"predecessor-version":[{"id":3001,"href":"https:\/\/globality.globalexcel.com\/es\/wp-json\/wp\/v2\/pages\/2459\/revisions\/3001"}],"wp:attachment":[{"href":"https:\/\/globality.globalexcel.com\/es\/wp-json\/wp\/v2\/media?parent=2459"}],"curies":[{"name":"wp","href":"https:\/\/api.w.org\/{rel}","templated":true}]}}