{"id":2455,"date":"2023-03-22T09:29:35","date_gmt":"2023-03-22T13:29:35","guid":{"rendered":"https:\/\/demorc.globalexcel.com\/buscar-un-dentista\/"},"modified":"2025-07-31T10:48:42","modified_gmt":"2025-07-31T14:48:42","slug":"buscar-un-dentista","status":"publish","type":"page","link":"https:\/\/globality.globalexcel.com\/es\/buscar-un-dentista\/","title":{"rendered":"Buscar un dentista"},"content":{"rendered":"\t\t<div data-elementor-type=\"wp-page\" data-elementor-id=\"2455\" class=\"elementor elementor-2455 elementor-1540\" data-elementor-post-type=\"page\">\n\t\t\t\t<div class=\"elementor-element elementor-element-65a3a47 e-flex e-con-boxed e-con e-parent\" data-id=\"65a3a47\" data-element_type=\"container\" data-e-type=\"container\" data-settings=\"{&quot;background_background&quot;:&quot;classic&quot;}\">\n\t\t\t\t\t<div class=\"e-con-inner\">\n\t\t\t\t<div class=\"elementor-element elementor-element-74d447a elementor-widget elementor-widget-heading\" data-id=\"74d447a\" data-element_type=\"widget\" data-e-type=\"widget\" data-widget_type=\"heading.default\">\n\t\t\t\t<div class=\"elementor-widget-container\">\n\t\t\t\t\t<h1 class=\"elementor-heading-title elementor-size-default\">Buscar un dentista<\/h1>\t\t\t\t<\/div>\n\t\t\t\t<\/div>\n\t\t\t\t\t<\/div>\n\t\t\t\t<\/div>\n\t\t<div class=\"elementor-element elementor-element-da69158 e-flex e-con-boxed e-con e-parent\" data-id=\"da69158\" data-element_type=\"container\" data-e-type=\"container\">\n\t\t\t\t\t<div class=\"e-con-inner\">\n\t\t\t\t<div class=\"elementor-element elementor-element-16dee9f elementor-widget elementor-widget-heading\" data-id=\"16dee9f\" data-element_type=\"widget\" data-e-type=\"widget\" data-widget_type=\"heading.default\">\n\t\t\t\t<div class=\"elementor-widget-container\">\n\t\t\t\t\t<h2 class=\"elementor-heading-title elementor-size-default\"><strong>Global Excel<\/strong> y <strong>Dentemax<\/strong> se han unido para ofrecer una de las mayores redes dentales nacionales disponibles, garantizando una alta calidad y precios justos.<\/h2>\t\t\t\t<\/div>\n\t\t\t\t<\/div>\n\t\t<div class=\"elementor-element elementor-element-3689a63 e-con-full e-flex e-con e-child\" data-id=\"3689a63\" data-element_type=\"container\" data-e-type=\"container\">\n\t\t\t\t<div class=\"elementor-element elementor-element-f4e7dcd elementor-widget__width-initial elementor-widget elementor-widget-heading\" data-id=\"f4e7dcd\" data-element_type=\"widget\" data-e-type=\"widget\" data-widget_type=\"heading.default\">\n\t\t\t\t<div class=\"elementor-widget-container\">\n\t\t\t\t\t<p class=\"elementor-heading-title elementor-size-default\">Todos los dentistas de DenteMax se comprometen a cobrar a los afiliados entre un 20% y un 40% menos de lo habitual. Pero el valor no se limita al ahorro: la red de DenteMax ofrece un acceso sin igual a dentistas de calidad. <\/p>\t\t\t\t<\/div>\n\t\t\t\t<\/div>\n\t\t\t\t<div class=\"elementor-element elementor-element-a2dfe57 elementor-widget elementor-widget-button\" data-id=\"a2dfe57\" data-element_type=\"widget\" data-e-type=\"widget\" data-widget_type=\"button.default\">\n\t\t\t\t<div class=\"elementor-widget-container\">\n\t\t\t\t\t\t\t\t\t<div class=\"elementor-button-wrapper\">\n\t\t\t\t\t<a class=\"elementor-button elementor-button-link elementor-size-xl\" href=\"https:\/\/www.dentemax.com\/find-a-dentist\" target=\"_blank\">\n\t\t\t\t\t\t<span class=\"elementor-button-content-wrapper\">\n\t\t\t\t\t\t<span class=\"elementor-button-icon\">\n\t\t\t\t<i aria-hidden=\"true\" class=\"fas fa-arrow-right\"><\/i>\t\t\t<\/span>\n\t\t\t\t\t\t\t\t\t<span class=\"elementor-button-text\">Buscar un dentista<\/span>\n\t\t\t\t\t<\/span>\n\t\t\t\t\t<\/a>\n\t\t\t\t<\/div>\n\t\t\t\t\t\t\t\t<\/div>\n\t\t\t\t<\/div>\n\t\t\t\t<\/div>\n\t\t\t\t<div class=\"elementor-element elementor-element-1501a1f elementor-widget-divider--view-line elementor-widget elementor-widget-divider\" data-id=\"1501a1f\" data-element_type=\"widget\" data-e-type=\"widget\" data-widget_type=\"divider.default\">\n\t\t\t\t<div class=\"elementor-widget-container\">\n\t\t\t\t\t\t\t<div class=\"elementor-divider\">\n\t\t\t<span class=\"elementor-divider-separator\">\n\t\t\t\t\t\t<\/span>\n\t\t<\/div>\n\t\t\t\t\t\t<\/div>\n\t\t\t\t<\/div>\n\t\t\t\t<div class=\"elementor-element elementor-element-aa20d4a elementor-widget elementor-widget-heading\" data-id=\"aa20d4a\" data-element_type=\"widget\" data-e-type=\"widget\" data-widget_type=\"heading.default\">\n\t\t\t\t<div class=\"elementor-widget-container\">\n\t\t\t\t\t<h2 class=\"elementor-heading-title elementor-size-default\">Ventajas de permanecer en la red<\/h2>\t\t\t\t<\/div>\n\t\t\t\t<\/div>\n\t\t\t\t<div class=\"elementor-element elementor-element-365d676 elementor-widget elementor-widget-text-editor\" data-id=\"365d676\" data-element_type=\"widget\" data-e-type=\"widget\" data-widget_type=\"text-editor.default\">\n\t\t\t\t<div class=\"elementor-widget-container\">\n\t\t\t\t\t\t\t\t\t<p>El principal objetivo de Global Excel es proporcionar acceso a una atenci\u00f3n sanitaria rentable y de calidad. En los EE.UU., muchos dentistas est\u00e1n afiliados a una red concreta, que se explica con m\u00e1s detalle en nuestra p\u00e1gina <a href=\"https:\/\/globality.globalexcel.com\/es\/conocer-el-sistema-sanitario-local\/\">Conozca mi sistema sanitario<\/a>. <\/p>\n<p>Acudir a un proveedor \u00abde la red\u00bb le beneficia, ya que el proveedor no suele exigir un pago por adelantado (a menos que haya un copago o una franquicia), y ya ha sido examinado en cuanto a costes y calidad.<\/p>\n\t\t\t\t\t\t\t\t<\/div>\n\t\t\t\t<\/div>\n\t\t<div class=\"elementor-element elementor-element-758fce1 e-flex e-con-boxed e-con e-child\" data-id=\"758fce1\" data-element_type=\"container\" data-e-type=\"container\">\n\t\t\t\t\t<div class=\"e-con-inner\">\n\t\t<div class=\"elementor-element elementor-element-afffe59 e-con-full e-flex e-con e-child\" data-id=\"afffe59\" data-element_type=\"container\" data-e-type=\"container\" data-settings=\"{&quot;background_background&quot;:&quot;classic&quot;}\">\n\t\t\t\t<div class=\"elementor-element elementor-element-ac780e9 elementor-widget elementor-widget-text-editor\" data-id=\"ac780e9\" data-element_type=\"widget\" data-e-type=\"widget\" data-widget_type=\"text-editor.default\">\n\t\t\t\t<div class=\"elementor-widget-container\">\n\t\t\t\t\t\t\t\t\t<h3>Acceso<\/h3>\n<p>DenteMax, una de las mayores redes dentales nacionales, ofrece<\/p>\n<ul>\n<li>Acceso a m\u00e1s de 270.000 puntos de acceso dental en todo el pa\u00eds<\/li>\n<li>No hay problemas de papeleo: si alguna vez decide acudir a otro dentista, no hay que rellenar documentos ni periodos de espera<\/li>\n<\/ul>\n\t\t\t\t\t\t\t\t<\/div>\n\t\t\t\t<\/div>\n\t\t\t\t<\/div>\n\t\t<div class=\"elementor-element elementor-element-b75835a e-con-full e-flex e-con e-child\" data-id=\"b75835a\" data-element_type=\"container\" data-e-type=\"container\" data-settings=\"{&quot;background_background&quot;:&quot;classic&quot;}\">\n\t\t\t\t<div class=\"elementor-element elementor-element-0b1b821 elementor-widget elementor-widget-text-editor\" data-id=\"0b1b821\" data-element_type=\"widget\" data-e-type=\"widget\" data-widget_type=\"text-editor.default\">\n\t\t\t\t<div class=\"elementor-widget-container\">\n\t\t\t\t\t\t\t\t\t<h3>Calidad<\/h3>\n<p>La estricta pol\u00edtica de acreditaci\u00f3n de DenteMax le ofrece la tranquilidad de elegir un dentista. DenteMax acredita a todos los dentistas de la red mediante la revisi\u00f3n peri\u00f3dica de las consultas para garantizar que cumplen con los est\u00e1ndares de alta calidad. <\/p>\n\t\t\t\t\t\t\t\t<\/div>\n\t\t\t\t<\/div>\n\t\t\t\t<\/div>\n\t\t<div class=\"elementor-element elementor-element-0013beb e-con-full e-flex e-con e-child\" data-id=\"0013beb\" data-element_type=\"container\" data-e-type=\"container\" data-settings=\"{&quot;background_background&quot;:&quot;classic&quot;}\">\n\t\t\t\t<div class=\"elementor-element elementor-element-efb18ff elementor-widget elementor-widget-text-editor\" data-id=\"efb18ff\" data-element_type=\"widget\" data-e-type=\"widget\" data-widget_type=\"text-editor.default\">\n\t\t\t\t<div class=\"elementor-widget-container\">\n\t\t\t\t\t\t\t\t\t<h3>Ahorro<\/h3>\n<p>DenteMax ofrece a sus afiliados:<\/p>\n<ul>\n<li>Ahorros de entre el 20% y el 40% de los gastos dentales est\u00e1ndar cada vez que acuda a un dentista DenteMax<\/li>\n<li>Menores gastos dentales de bolsillo<\/li>\n<li>Posibilidad de ampliar su l\u00edmite m\u00e1ximo anual<\/li>\n<li>Descuentos de la red en servicios incluso despu\u00e9s de alcanzar su l\u00edmite m\u00e1ximo anual o en servicios que son beneficios no cubiertos<\/li>\n<\/ul>\n\t\t\t\t\t\t\t\t<\/div>\n\t\t\t\t<\/div>\n\t\t\t\t<\/div>\n\t\t\t\t\t<\/div>\n\t\t\t\t<\/div>\n\t\t\t\t\t<\/div>\n\t\t\t\t<\/div>\n\t\t<div class=\"elementor-element elementor-element-dfde001 e-flex e-con-boxed e-con e-parent\" data-id=\"dfde001\" data-element_type=\"container\" data-e-type=\"container\" data-settings=\"{&quot;background_background&quot;:&quot;classic&quot;}\">\n\t\t\t\t\t<div class=\"e-con-inner\">\n\t\t\t\t<div class=\"elementor-element elementor-element-f0a54d4 elementor-widget elementor-widget-button\" data-id=\"f0a54d4\" data-element_type=\"widget\" data-e-type=\"widget\" data-widget_type=\"button.default\">\n\t\t\t\t<div class=\"elementor-widget-container\">\n\t\t\t\t\t\t\t\t\t<div class=\"elementor-button-wrapper\">\n\t\t\t\t\t<a class=\"elementor-button elementor-button-link elementor-size-xl\" href=\"https:\/\/www.dentemax.com\/find-a-dentist\" target=\"_blank\">\n\t\t\t\t\t\t<span class=\"elementor-button-content-wrapper\">\n\t\t\t\t\t\t<span class=\"elementor-button-icon\">\n\t\t\t\t<i aria-hidden=\"true\" class=\"fas fa-arrow-right\"><\/i>\t\t\t<\/span>\n\t\t\t\t\t\t\t\t\t<span class=\"elementor-button-text\">Buscar un dentista<\/span>\n\t\t\t\t\t<\/span>\n\t\t\t\t\t<\/a>\n\t\t\t\t<\/div>\n\t\t\t\t\t\t\t\t<\/div>\n\t\t\t\t<\/div>\n\t\t\t\t<div class=\"elementor-element elementor-element-829a8c8 elementor-widget elementor-widget-button\" data-id=\"829a8c8\" data-element_type=\"widget\" data-e-type=\"widget\" data-widget_type=\"button.default\">\n\t\t\t\t<div class=\"elementor-widget-container\">\n\t\t\t\t\t\t\t\t\t<div class=\"elementor-button-wrapper\">\n\t\t\t\t\t<a class=\"elementor-button elementor-button-link elementor-size-xl\" href=\"https:\/\/globality.globalexcel.com\/es\/conocer-el-sistema-sanitario-local\/\">\n\t\t\t\t\t\t<span class=\"elementor-button-content-wrapper\">\n\t\t\t\t\t\t<span class=\"elementor-button-icon\">\n\t\t\t\t<i aria-hidden=\"true\" class=\"fas fa-arrow-right\"><\/i>\t\t\t<\/span>\n\t\t\t\t\t\t\t\t\t<span class=\"elementor-button-text\">Conocer el sistema sanitario local<\/span>\n\t\t\t\t\t<\/span>\n\t\t\t\t\t<\/a>\n\t\t\t\t<\/div>\n\t\t\t\t\t\t\t\t<\/div>\n\t\t\t\t<\/div>\n\t\t\t\t\t<\/div>\n\t\t\t\t<\/div>\n\t\t\t\t<\/div>\n\t\t","protected":false},"excerpt":{"rendered":"<p>Buscar un dentista Global Excel y Dentemax se han unido para ofrecer una de las mayores redes dentales nacionales disponibles, garantizando una alta calidad y precios justos. Todos los dentistas de DenteMax se comprometen a cobrar a los afiliados entre un 20% y un 40% menos de lo habitual. Pero el valor no se limita [&hellip;]<\/p>\n","protected":false},"author":2,"featured_media":0,"parent":0,"menu_order":0,"comment_status":"closed","ping_status":"closed","template":"","meta":{"inline_featured_image":false,"footnotes":""},"class_list":["post-2455","page","type-page","status-publish","hentry"],"_links":{"self":[{"href":"https:\/\/globality.globalexcel.com\/es\/wp-json\/wp\/v2\/pages\/2455","targetHints":{"allow":["GET"]}}],"collection":[{"href":"https:\/\/globality.globalexcel.com\/es\/wp-json\/wp\/v2\/pages"}],"about":[{"href":"https:\/\/globality.globalexcel.com\/es\/wp-json\/wp\/v2\/types\/page"}],"author":[{"embeddable":true,"href":"https:\/\/globality.globalexcel.com\/es\/wp-json\/wp\/v2\/users\/2"}],"replies":[{"embeddable":true,"href":"https:\/\/globality.globalexcel.com\/es\/wp-json\/wp\/v2\/comments?post=2455"}],"version-history":[{"count":6,"href":"https:\/\/globality.globalexcel.com\/es\/wp-json\/wp\/v2\/pages\/2455\/revisions"}],"predecessor-version":[{"id":3309,"href":"https:\/\/globality.globalexcel.com\/es\/wp-json\/wp\/v2\/pages\/2455\/revisions\/3309"}],"wp:attachment":[{"href":"https:\/\/globality.globalexcel.com\/es\/wp-json\/wp\/v2\/media?parent=2455"}],"curies":[{"name":"wp","href":"https:\/\/api.w.org\/{rel}","templated":true}]}}