{"id":2453,"date":"2023-03-22T09:16:29","date_gmt":"2023-03-22T13:16:29","guid":{"rendered":"https:\/\/demorc.globalexcel.com\/buscar-una-farmacia\/"},"modified":"2024-01-30T16:18:33","modified_gmt":"2024-01-30T21:18:33","slug":"buscar-una-farmacia","status":"publish","type":"page","link":"https:\/\/globality.globalexcel.com\/es\/buscar-una-farmacia\/","title":{"rendered":"Buscar una farmacia"},"content":{"rendered":"\t\t<div data-elementor-type=\"wp-page\" data-elementor-id=\"2453\" class=\"elementor elementor-2453 elementor-1747\" data-elementor-post-type=\"page\">\n\t\t\t\t<div class=\"elementor-element elementor-element-65a3a47 e-flex e-con-boxed e-con e-parent\" data-id=\"65a3a47\" data-element_type=\"container\" data-e-type=\"container\" data-settings=\"{&quot;background_background&quot;:&quot;classic&quot;}\">\n\t\t\t\t\t<div class=\"e-con-inner\">\n\t\t\t\t<div class=\"elementor-element elementor-element-74d447a elementor-widget elementor-widget-heading\" data-id=\"74d447a\" data-element_type=\"widget\" data-e-type=\"widget\" data-widget_type=\"heading.default\">\n\t\t\t\t<div class=\"elementor-widget-container\">\n\t\t\t\t\t<h1 class=\"elementor-heading-title elementor-size-default\">Buscar una farmacia<\/h1>\t\t\t\t<\/div>\n\t\t\t\t<\/div>\n\t\t\t\t\t<\/div>\n\t\t\t\t<\/div>\n\t\t<div class=\"elementor-element elementor-element-da69158 e-flex e-con-boxed e-con e-parent\" data-id=\"da69158\" data-element_type=\"container\" data-e-type=\"container\">\n\t\t\t\t\t<div class=\"e-con-inner\">\n\t\t\t\t<div class=\"elementor-element elementor-element-16dee9f elementor-widget elementor-widget-heading\" data-id=\"16dee9f\" data-element_type=\"widget\" data-e-type=\"widget\" data-widget_type=\"heading.default\">\n\t\t\t\t<div class=\"elementor-widget-container\">\n\t\t\t\t\t<h2 class=\"elementor-heading-title elementor-size-default\"><strong>Global Excel<\/strong> y <strong>CVS\/Caremark<\/strong> se han unido para ofrecer una de las mayores redes nacionales de farmacias disponibles, garantizando precios justos y un acceso c\u00f3modo para usted.<\/h2>\t\t\t\t<\/div>\n\t\t\t\t<\/div>\n\t\t<div class=\"elementor-element elementor-element-3689a63 e-con-full e-flex e-con e-child\" data-id=\"3689a63\" data-element_type=\"container\" data-e-type=\"container\">\n\t\t\t\t<div class=\"elementor-element elementor-element-a2dfe57 elementor-widget elementor-widget-button\" data-id=\"a2dfe57\" data-element_type=\"widget\" data-e-type=\"widget\" data-widget_type=\"button.default\">\n\t\t\t\t<div class=\"elementor-widget-container\">\n\t\t\t\t\t\t\t\t\t<div class=\"elementor-button-wrapper\">\n\t\t\t\t\t<a class=\"elementor-button elementor-button-link elementor-size-xl\" href=\"https:\/\/www.caremark.com\/portal\/asset\/olympus_pharm.htm\" target=\"_blank\">\n\t\t\t\t\t\t<span class=\"elementor-button-content-wrapper\">\n\t\t\t\t\t\t<span class=\"elementor-button-icon\">\n\t\t\t\t<i aria-hidden=\"true\" class=\"fas fa-arrow-right\"><\/i>\t\t\t<\/span>\n\t\t\t\t\t\t\t\t\t<span class=\"elementor-button-text\">Buscar una farmacia<\/span>\n\t\t\t\t\t<\/span>\n\t\t\t\t\t<\/a>\n\t\t\t\t<\/div>\n\t\t\t\t\t\t\t\t<\/div>\n\t\t\t\t<\/div>\n\t\t\t\t<\/div>\n\t\t\t\t<div class=\"elementor-element elementor-element-1501a1f elementor-widget-divider--view-line elementor-widget elementor-widget-divider\" data-id=\"1501a1f\" data-element_type=\"widget\" data-e-type=\"widget\" data-widget_type=\"divider.default\">\n\t\t\t\t<div class=\"elementor-widget-container\">\n\t\t\t\t\t\t\t<div class=\"elementor-divider\">\n\t\t\t<span class=\"elementor-divider-separator\">\n\t\t\t\t\t\t<\/span>\n\t\t<\/div>\n\t\t\t\t\t\t<\/div>\n\t\t\t\t<\/div>\n\t\t\t\t<div class=\"elementor-element elementor-element-aa20d4a elementor-widget elementor-widget-heading\" data-id=\"aa20d4a\" data-element_type=\"widget\" data-e-type=\"widget\" data-widget_type=\"heading.default\">\n\t\t\t\t<div class=\"elementor-widget-container\">\n\t\t\t\t\t<h2 class=\"elementor-heading-title elementor-size-default\">Ventajas de permanecer en la red<\/h2>\t\t\t\t<\/div>\n\t\t\t\t<\/div>\n\t\t\t\t<div class=\"elementor-element elementor-element-365d676 elementor-widget elementor-widget-text-editor\" data-id=\"365d676\" data-element_type=\"widget\" data-e-type=\"widget\" data-widget_type=\"text-editor.default\">\n\t\t\t\t<div class=\"elementor-widget-container\">\n\t\t\t\t\t\t\t\t\t<p><strong>Global Excel<\/strong> proporciona acceso a m\u00e1s de 68.000 farmacias participantes en todo el pa\u00eds a trav\u00e9s de <strong>CVS\/Caremark<\/strong> y sus afiliados. Permanecer dentro de esta red le asegura no tener que pagar las recetas de su bolsillo, y tambi\u00e9n puede reducir el precio de sus medicamentos con el programa de medicamentos recetados de <strong>CVS Caremark<\/strong>. <\/p>\n<p>La red incluye farmacias como CVS, Target, Walmart, Walgreens, Publix, Rite Aid y otras. Siga el siguiente enlace y encuentre la m\u00e1s cercana a usted. <\/p>\n\t\t\t\t\t\t\t\t<\/div>\n\t\t\t\t<\/div>\n\t\t\t\t<div class=\"elementor-element elementor-element-0a70708 elementor-widget-divider--view-line elementor-widget elementor-widget-divider\" data-id=\"0a70708\" data-element_type=\"widget\" data-e-type=\"widget\" data-widget_type=\"divider.default\">\n\t\t\t\t<div class=\"elementor-widget-container\">\n\t\t\t\t\t\t\t<div class=\"elementor-divider\">\n\t\t\t<span class=\"elementor-divider-separator\">\n\t\t\t\t\t\t<\/span>\n\t\t<\/div>\n\t\t\t\t\t\t<\/div>\n\t\t\t\t<\/div>\n\t\t\t\t<div class=\"elementor-element elementor-element-372bc0c elementor-widget elementor-widget-heading\" data-id=\"372bc0c\" data-element_type=\"widget\" data-e-type=\"widget\" data-widget_type=\"heading.default\">\n\t\t\t\t<div class=\"elementor-widget-container\">\n\t\t\t\t\t<h2 class=\"elementor-heading-title elementor-size-default\">Medicamentos gen\u00e9ricos: hasta un 80% menos que los de marca <\/h2>\t\t\t\t<\/div>\n\t\t\t\t<\/div>\n\t\t\t\t<div class=\"elementor-element elementor-element-d2a43ba elementor-widget elementor-widget-image\" data-id=\"d2a43ba\" data-element_type=\"widget\" data-e-type=\"widget\" data-widget_type=\"image.default\">\n\t\t\t\t<div class=\"elementor-widget-container\">\n\t\t\t\t\t\t\t\t\t\t\t\t\t\t\t<img fetchpriority=\"high\" decoding=\"async\" width=\"1400\" height=\"576\" src=\"https:\/\/globality.globalexcel.com\/wp-content\/uploads\/CVSHead-sp.webp\" class=\"attachment-full size-full wp-image-2418\" alt=\"\" srcset=\"https:\/\/globality.globalexcel.com\/wp-content\/uploads\/CVSHead-sp.webp 1400w, https:\/\/globality.globalexcel.com\/wp-content\/uploads\/CVSHead-sp-768x316.webp 768w\" sizes=\"(max-width: 1400px) 100vw, 1400px\" \/>\t\t\t\t\t\t\t\t\t\t\t\t\t\t\t<\/div>\n\t\t\t\t<\/div>\n\t\t\t\t<div class=\"elementor-element elementor-element-227111d elementor-widget elementor-widget-text-editor\" data-id=\"227111d\" data-element_type=\"widget\" data-e-type=\"widget\" data-widget_type=\"text-editor.default\">\n\t\t\t\t<div class=\"elementor-widget-container\">\n\t\t\t\t\t\t\t\t\t<p><strong>GEM<\/strong> y <strong>CVS<\/strong> comparten dos objetivos: mantenerle a usted y a su familia sanos y reducir los costes tanto para usted como para su empresa. En los Estados Unidos, la Administraci\u00f3n de Alimentos y Medicamentos exige que los medicamentos gen\u00e9ricos cumplan las mismas normas que los de marca. Contienen exactamente los mismos ingredientes, pero los medicamentos de marca pueden costar hasta un 80% m\u00e1s.  <\/p>\n<p>Para reducir su copago (cuando proceda) y ayudar a su empresa a gestionar los costes sanitarios, hable con su m\u00e9dico o farmac\u00e9utico sobre la disponibilidad de los medicamentos gen\u00e9ricos.<\/p>\n<h3>Datos de la Administraci\u00f3n de Alimentos y Medicamentos de EE.UU. (FDA)<\/h3>\n<ul>\n<li>La FDA exige que los medicamentos gen\u00e9ricos tengan los mismos ingredientes activos, la misma potencia y la misma forma farmac\u00e9utica que sus hom\u00f3logos de marca.<\/li>\n<li>La FDA exige que se demuestre que un medicamento gen\u00e9rico tiene el mismo rendimiento que su hom\u00f3logo de marca<\/li>\n<li>La FDA vigila los efectos adversos y realiza un control de calidad continuo<\/li>\n<li>Muchos medicamentos gen\u00e9ricos se fabrican en las mismas plantas de producci\u00f3n que los de marca y deben cumplir las mismas normas de calidad.<\/li>\n<\/ul>\n<h2><span style=\"color: #0b61b4;\">\u00bfEst\u00e1 preparado para ahorrar con los medicamentos gen\u00e9ricos?<\/span><\/h2>\n<p><strong><span style=\"text-decoration: underline;\">Recetas actuales<\/span><\/strong><br \/>Si actualmente est\u00e1 tomando un medicamento de marca, pregunte a su m\u00e9dico si hay un gen\u00e9rico disponible para sustituirlo, o simplemente pregunte al farmac\u00e9utico cuando vaya a reponerlo.<\/p>\n<p><span style=\"text-decoration: underline;\"><strong>Nuevas recetas<\/strong><\/span><br \/>Cada vez que le receten un nuevo medicamento, aseg\u00farese de preguntar si hay un gen\u00e9rico disponible cuando se lo receten o cuando se lo surtan en la farmacia.<\/p>\n\t\t\t\t\t\t\t\t<\/div>\n\t\t\t\t<\/div>\n\t\t\t\t<div class=\"elementor-element elementor-element-f0369b2 elementor-widget-divider--view-line elementor-widget elementor-widget-divider\" data-id=\"f0369b2\" data-element_type=\"widget\" data-e-type=\"widget\" data-widget_type=\"divider.default\">\n\t\t\t\t<div class=\"elementor-widget-container\">\n\t\t\t\t\t\t\t<div class=\"elementor-divider\">\n\t\t\t<span class=\"elementor-divider-separator\">\n\t\t\t\t\t\t<\/span>\n\t\t<\/div>\n\t\t\t\t\t\t<\/div>\n\t\t\t\t<\/div>\n\t\t\t\t<div class=\"elementor-element elementor-element-4823964 elementor-widget elementor-widget-text-editor\" data-id=\"4823964\" data-element_type=\"widget\" data-e-type=\"widget\" data-widget_type=\"text-editor.default\">\n\t\t\t\t<div class=\"elementor-widget-container\">\n\t\t\t\t\t\t\t\t\t<h2>Medicaci\u00f3n de mantenimiento: ahorro y comodidad<\/h2>\n\t\t\t\t\t\t\t\t<\/div>\n\t\t\t\t<\/div>\n\t\t<div class=\"elementor-element elementor-element-42ec018 e-con-full e-flex e-con e-child\" data-id=\"42ec018\" data-element_type=\"container\" data-e-type=\"container\">\n\t\t\t\t<div class=\"elementor-element elementor-element-336520e elementor-widget elementor-widget-text-editor\" data-id=\"336520e\" data-element_type=\"widget\" data-e-type=\"widget\" data-widget_type=\"text-editor.default\">\n\t\t\t\t<div class=\"elementor-widget-container\">\n\t\t\t\t\t\t\t\t\t<h3>M\u00e1xima comodidad para las recetas de medicamentos de larga duraci\u00f3n<\/h3><p>En lugar de surtir sus recetas de larga duraci\u00f3n cada 30 d\u00edas en la farmacia, \u00bfsab\u00eda que CVS puede entregar un suministro para 90 d\u00edas directamente en su casa u oficina? Esto no s\u00f3lo reduce los costes, sino que tambi\u00e9n se ha demostrado que ayuda a la adherencia a la medicaci\u00f3n. Si usted tiene una cl\u00e1usula de copago en sus medicamentos, podr\u00eda ver un ahorro sustancial al hacer el cambio.<\/p><p><span style=\"text-align: var(--text-align); font-size: 1em;\">Si desea m\u00e1s informaci\u00f3n sobre c\u00f3mo obtener su receta de 90 d\u00edas por correo,<\/span> <a style=\"text-align: var(--text-align); background-color: #ffffff; font-size: 1em;\" href=\"https:\/\/espanol.caremark.com\/\" target=\"_blank\" rel=\"noopener\">siga este enlace<\/a> <span style=\"text-align: var(--text-align); font-size: 1em;\">o vea este breve v\u00eddeo. (s\u00f3lo en ingl\u00e9s)<\/span><\/p>\t\t\t\t\t\t\t\t<\/div>\n\t\t\t\t<\/div>\n\t\t\t\t<\/div>\n\t\t\t\t<div class=\"elementor-element elementor-element-58782dc elementor-hidden-desktop elementor-hidden-tablet elementor-hidden-mobile elementor-widget elementor-widget-video\" data-id=\"58782dc\" data-element_type=\"widget\" data-e-type=\"widget\" data-settings=\"{&quot;youtube_url&quot;:&quot;https:\\\/\\\/www.youtube.com\\\/watch?v=3mGqLdXRgSw&quot;,&quot;video_type&quot;:&quot;youtube&quot;,&quot;controls&quot;:&quot;yes&quot;}\" data-widget_type=\"video.default\">\n\t\t\t\t<div class=\"elementor-widget-container\">\n\t\t\t\t\t\t\t<div class=\"elementor-wrapper elementor-open-inline\">\n\t\t\t<div class=\"elementor-video\"><\/div>\t\t<\/div>\n\t\t\t\t\t\t<\/div>\n\t\t\t\t<\/div>\n\t\t\t\t<div class=\"elementor-element elementor-element-f7b1a4b elementor-widget-divider--view-line elementor-widget elementor-widget-divider\" data-id=\"f7b1a4b\" data-element_type=\"widget\" data-e-type=\"widget\" data-widget_type=\"divider.default\">\n\t\t\t\t<div class=\"elementor-widget-container\">\n\t\t\t\t\t\t\t<div class=\"elementor-divider\">\n\t\t\t<span class=\"elementor-divider-separator\">\n\t\t\t\t\t\t<\/span>\n\t\t<\/div>\n\t\t\t\t\t\t<\/div>\n\t\t\t\t<\/div>\n\t\t\t\t<div class=\"elementor-element elementor-element-f0329ca elementor-widget elementor-widget-text-editor\" data-id=\"f0329ca\" data-element_type=\"widget\" data-e-type=\"widget\" data-widget_type=\"text-editor.default\">\n\t\t\t\t<div class=\"elementor-widget-container\">\n\t\t\t\t\t\t\t\t\t<h2>Medicamentos especiales<\/h2>\n<p>Los medicamentos especializados, o los medicamentos utilizados para tratar enfermedades cr\u00f3nicas, complejas y\/o raras, pueden ser extremadamente caros y se prev\u00e9 que los costes sigan aumentando.<\/p>\n<p>El simple hecho de elegir la farmacia adecuada puede tener un gran impacto en<\/p>\n<ul>\n<li>minimizar los gastos de su bolsillo<\/li>\n<li>maximizar la comodidad de la facturaci\u00f3n directa a trav\u00e9s de su red de farmacias<\/li>\n<li>ayudar a su empresa a contener los costes de la asistencia sanitaria y las primas<\/li>\n<\/ul>\n<p>Para obtener sus medicamentos especializados a trav\u00e9s de una farmacia CVS, visite <a href=\"https:\/\/www.cvsspecialty.com\/wps\/portal\/specialty\">CVSspecialty.com\/enroll<\/a> o llame al <strong>800-237-2767<\/strong> para obtener m\u00e1s informaci\u00f3n.<\/p>\t\t\t\t\t\t\t\t<\/div>\n\t\t\t\t<\/div>\n\t\t\t\t\t<\/div>\n\t\t\t\t<\/div>\n\t\t<div class=\"elementor-element elementor-element-dfde001 e-flex e-con-boxed e-con e-parent\" data-id=\"dfde001\" data-element_type=\"container\" data-e-type=\"container\" data-settings=\"{&quot;background_background&quot;:&quot;classic&quot;}\">\n\t\t\t\t\t<div class=\"e-con-inner\">\n\t\t\t\t<div class=\"elementor-element elementor-element-ddbaf36 elementor-widget elementor-widget-button\" data-id=\"ddbaf36\" data-element_type=\"widget\" data-e-type=\"widget\" data-widget_type=\"button.default\">\n\t\t\t\t<div class=\"elementor-widget-container\">\n\t\t\t\t\t\t\t\t\t<div class=\"elementor-button-wrapper\">\n\t\t\t\t\t<a class=\"elementor-button elementor-button-link elementor-size-xl\" href=\"https:\/\/www.caremark.com\/portal\/asset\/olympus_pharm.htm\" target=\"_blank\">\n\t\t\t\t\t\t<span class=\"elementor-button-content-wrapper\">\n\t\t\t\t\t\t<span class=\"elementor-button-icon\">\n\t\t\t\t<i aria-hidden=\"true\" class=\"fas fa-arrow-right\"><\/i>\t\t\t<\/span>\n\t\t\t\t\t\t\t\t\t<span class=\"elementor-button-text\">Buscar una farmacia<\/span>\n\t\t\t\t\t<\/span>\n\t\t\t\t\t<\/a>\n\t\t\t\t<\/div>\n\t\t\t\t\t\t\t\t<\/div>\n\t\t\t\t<\/div>\n\t\t\t\t\t<\/div>\n\t\t\t\t<\/div>\n\t\t\t\t<\/div>\n\t\t","protected":false},"excerpt":{"rendered":"<p>Buscar una farmacia Global Excel y CVS\/Caremark se han unido para ofrecer una de las mayores redes nacionales de farmacias disponibles, garantizando precios justos y un acceso c\u00f3modo para usted. Buscar una farmacia Ventajas de permanecer en la red Global Excel proporciona acceso a m\u00e1s de 68.000 farmacias participantes en todo el pa\u00eds a trav\u00e9s [&hellip;]<\/p>\n","protected":false},"author":2,"featured_media":0,"parent":0,"menu_order":0,"comment_status":"closed","ping_status":"closed","template":"","meta":{"inline_featured_image":false,"footnotes":""},"class_list":["post-2453","page","type-page","status-publish","hentry"],"_links":{"self":[{"href":"https:\/\/globality.globalexcel.com\/es\/wp-json\/wp\/v2\/pages\/2453","targetHints":{"allow":["GET"]}}],"collection":[{"href":"https:\/\/globality.globalexcel.com\/es\/wp-json\/wp\/v2\/pages"}],"about":[{"href":"https:\/\/globality.globalexcel.com\/es\/wp-json\/wp\/v2\/types\/page"}],"author":[{"embeddable":true,"href":"https:\/\/globality.globalexcel.com\/es\/wp-json\/wp\/v2\/users\/2"}],"replies":[{"embeddable":true,"href":"https:\/\/globality.globalexcel.com\/es\/wp-json\/wp\/v2\/comments?post=2453"}],"version-history":[{"count":16,"href":"https:\/\/globality.globalexcel.com\/es\/wp-json\/wp\/v2\/pages\/2453\/revisions"}],"predecessor-version":[{"id":3275,"href":"https:\/\/globality.globalexcel.com\/es\/wp-json\/wp\/v2\/pages\/2453\/revisions\/3275"}],"wp:attachment":[{"href":"https:\/\/globality.globalexcel.com\/es\/wp-json\/wp\/v2\/media?parent=2453"}],"curies":[{"name":"wp","href":"https:\/\/api.w.org\/{rel}","templated":true}]}}