{"id":2543,"date":"2023-03-27T09:54:22","date_gmt":"2023-03-27T13:54:22","guid":{"rendered":"https:\/\/demorc.globalexcel.com\/einen-registrierten-anbieter-fuer-gesundheitsleistungen-finden\/"},"modified":"2023-05-16T11:36:43","modified_gmt":"2023-05-16T15:36:43","slug":"einen-registrierten-anbieter-fuer-gesundheitsleistungen-finden","status":"publish","type":"page","link":"https:\/\/globality.globalexcel.com\/de\/einen-registrierten-anbieter-fuer-gesundheitsleistungen-finden\/","title":{"rendered":"Einen registrierten Anbieter f\u00fcr Gesundheitsleistungen finden"},"content":{"rendered":"\t\t<div data-elementor-type=\"wp-page\" data-elementor-id=\"2543\" class=\"elementor elementor-2543 elementor-1524\" data-elementor-post-type=\"page\">\n\t\t\t\t<div class=\"elementor-element elementor-element-65a3a47 e-flex e-con-boxed e-con e-parent\" data-id=\"65a3a47\" data-element_type=\"container\" data-e-type=\"container\" data-settings=\"{&quot;background_background&quot;:&quot;classic&quot;}\">\n\t\t\t\t\t<div class=\"e-con-inner\">\n\t\t\t\t<div class=\"elementor-element elementor-element-a40a6d7 elementor-widget elementor-widget-heading\" data-id=\"a40a6d7\" data-element_type=\"widget\" data-e-type=\"widget\" data-widget_type=\"heading.default\">\n\t\t\t\t<div class=\"elementor-widget-container\">\n\t\t\t\t\t<h1 class=\"elementor-heading-title elementor-size-default\">Einen registrierten Anbieter f\u00fcr Gesundheitsleistungen finden<\/h1>\t\t\t\t<\/div>\n\t\t\t\t<\/div>\n\t\t\t\t\t<\/div>\n\t\t\t\t<\/div>\n\t\t<div class=\"elementor-element elementor-element-da69158 e-flex e-con-boxed e-con e-parent\" data-id=\"da69158\" data-element_type=\"container\" data-e-type=\"container\">\n\t\t\t\t\t<div class=\"e-con-inner\">\n\t\t\t\t<div class=\"elementor-element elementor-element-16dee9f elementor-widget elementor-widget-heading\" data-id=\"16dee9f\" data-element_type=\"widget\" data-e-type=\"widget\" data-widget_type=\"heading.default\">\n\t\t\t\t<div class=\"elementor-widget-container\">\n\t\t\t\t\t<h2 class=\"elementor-heading-title elementor-size-default\"><strong>Global Excel<\/strong> unterh\u00e4lt landesweite Partnerschaften mit Anbieternetzwerken, die den Mitgliedern einen bequemen Zugang zu qualitativ hochwertiger Versorgung zu angemessenen Kosten erm\u00f6glichen.<\/h2>\t\t\t\t<\/div>\n\t\t\t\t<\/div>\n\t\t\t\t<div class=\"elementor-element elementor-element-a21c310 elementor-widget elementor-widget-button\" data-id=\"a21c310\" data-element_type=\"widget\" data-e-type=\"widget\" data-widget_type=\"button.default\">\n\t\t\t\t<div class=\"elementor-widget-container\">\n\t\t\t\t\t\t\t\t\t<div class=\"elementor-button-wrapper\">\n\t\t\t\t\t<a class=\"elementor-button elementor-button-link elementor-size-xl\" href=\"https:\/\/www.aetna.com\/dsepublic\/#\/contentPage?page=providerSearchLanding&#038;site_id=passport\" target=\"_blank\">\n\t\t\t\t\t\t<span class=\"elementor-button-content-wrapper\">\n\t\t\t\t\t\t<span class=\"elementor-button-icon\">\n\t\t\t\t<i aria-hidden=\"true\" class=\"fas fa-arrow-right\"><\/i>\t\t\t<\/span>\n\t\t\t\t\t\t\t\t\t<span class=\"elementor-button-text\">Einen Anbieter finden<\/span>\n\t\t\t\t\t<\/span>\n\t\t\t\t\t<\/a>\n\t\t\t\t<\/div>\n\t\t\t\t\t\t\t\t<\/div>\n\t\t\t\t<\/div>\n\t\t\t\t<div class=\"elementor-element elementor-element-1501a1f elementor-widget-divider--view-line elementor-widget elementor-widget-divider\" data-id=\"1501a1f\" data-element_type=\"widget\" data-e-type=\"widget\" data-widget_type=\"divider.default\">\n\t\t\t\t<div class=\"elementor-widget-container\">\n\t\t\t\t\t\t\t<div class=\"elementor-divider\">\n\t\t\t<span class=\"elementor-divider-separator\">\n\t\t\t\t\t\t<\/span>\n\t\t<\/div>\n\t\t\t\t\t\t<\/div>\n\t\t\t\t<\/div>\n\t\t\t\t<div class=\"elementor-element elementor-element-aa20d4a elementor-widget elementor-widget-heading\" data-id=\"aa20d4a\" data-element_type=\"widget\" data-e-type=\"widget\" data-widget_type=\"heading.default\">\n\t\t\t\t<div class=\"elementor-widget-container\">\n\t\t\t\t\t<h2 class=\"elementor-heading-title elementor-size-default\">Vorteile einer Mitgliedschaft im Netzwerk<\/h2>\t\t\t\t<\/div>\n\t\t\t\t<\/div>\n\t\t\t\t<div class=\"elementor-element elementor-element-365d676 elementor-widget elementor-widget-text-editor\" data-id=\"365d676\" data-element_type=\"widget\" data-e-type=\"widget\" data-widget_type=\"text-editor.default\">\n\t\t\t\t<div class=\"elementor-widget-container\">\n\t\t\t\t\t\t\t\t\t<p>Das Hauptaugenmerk von Global Excel liegt auf dem Zugang zu einer kosteneffizienten und qualitativ hochwertigen Versorgung. In den USA sind \u00c4rzte und Krankenh\u00e4user in der Regel an ein bestimmtes Netzwerk angeschlossen, das auf unserer Seite, <a href=\"https:\/\/globality.globalexcel.com\/de\/das-lokale-gesundheitssystem-kennenlernen\/\">Mein Gesundheitssystem kennenlernen<\/a> n\u00e4her erl\u00e4utert wird. <\/p>\n<p>Ein Besuch bei einem \u201eIn-Network\u201c-Anbieter ist f\u00fcr Sie von Vorteil, da der Anbieter in der Regel keine Vorauszahlung verlangt (es sei denn, es gibt eine Selbstbeteiligung oder einen Selbstbehalt) und er bereits auf Kosten und Qualit\u00e4t gepr\u00fcft wurde.<\/p>\n<p><strong style=\"text-align: var(--text-align); font-size: 1em;\">Das Global Excel-Netzwerk bietet Ihnen landesweit Zugang zu folgenden Leistungen:<\/strong><\/p>\n<ul>\n<li>Mehr als 690.000 \u00c4rzte der Grundversorgung und Fach\u00e4rzte<\/li>\n<li>\u00dcber 5.700 Krankenh\u00e4user<\/li>\n<\/ul>\n\t\t\t\t\t\t\t\t<\/div>\n\t\t\t\t<\/div>\n\t\t\t\t<div class=\"elementor-element elementor-element-1c0d6e1 elementor-widget-divider--view-line elementor-widget elementor-widget-divider\" data-id=\"1c0d6e1\" data-element_type=\"widget\" data-e-type=\"widget\" data-widget_type=\"divider.default\">\n\t\t\t\t<div class=\"elementor-widget-container\">\n\t\t\t\t\t\t\t<div class=\"elementor-divider\">\n\t\t\t<span class=\"elementor-divider-separator\">\n\t\t\t\t\t\t<\/span>\n\t\t<\/div>\n\t\t\t\t\t\t<\/div>\n\t\t\t\t<\/div>\n\t\t\t\t<div class=\"elementor-element elementor-element-a5cdff0 elementor-widget elementor-widget-heading\" data-id=\"a5cdff0\" data-element_type=\"widget\" data-e-type=\"widget\" data-widget_type=\"heading.default\">\n\t\t\t\t<div class=\"elementor-widget-container\">\n\t\t\t\t\t<h2 class=\"elementor-heading-title elementor-size-default\">Einen Anbieter finden<\/h2>\t\t\t\t<\/div>\n\t\t\t\t<\/div>\n\t\t\t\t<div class=\"elementor-element elementor-element-2ced8e5 elementor-widget elementor-widget-text-editor\" data-id=\"2ced8e5\" data-element_type=\"widget\" data-e-type=\"widget\" data-widget_type=\"text-editor.default\">\n\t\t\t\t<div class=\"elementor-widget-container\">\n\t\t\t\t\t\t\t\t\t<p>Um einen Arzt, Spezialisten oder ein Krankenhaus zu finden, das Ihren Bed\u00fcrfnissen am besten entspricht, klicken Sie bitte <a href=\"https:\/\/www.aetna.com\/dsepublic\/#\/contentPage?page=providerSearchLanding&amp;site_id=passport\" target=\"_blank\" rel=\"noopener\">hier<\/a> und nehmen Sie direkt Kontakt mit einem Anbieter auf.<\/p>\n<ul>\n<li>Teilen Sie dem Anbieter bei der Buchung eines Termins mit, dass Ihre Versicherung \u00fcber das auf Ihrer pers\u00f6nlichen Leistungskarte angegebene PPO-Netzwerk abgedeckt ist.<\/li>\n<li>Wenn der Anbieter die Anspruchsberechtigung \u00fcberpr\u00fcfen m\u00f6chte, sollte er Global Excel unter 1-833-243-0061 anrufen.<\/li>\n<li>Bringen Sie Ihre pers\u00f6nliche Versichertenkarte am Tag Ihres Besuchs mit.<\/li>\n<li>Die von Ihrer Versicherung abgedeckten Leistungen werden direkt an den Anbieter gezahlt. Je nach H\u00f6he des Versicherungsschutzes kann ein Restbetrag zu zahlen sein. <\/li>\n<\/ul>\n\t\t\t\t\t\t\t\t<\/div>\n\t\t\t\t<\/div>\n\t\t\t\t\t<\/div>\n\t\t\t\t<\/div>\n\t\t<div class=\"elementor-element elementor-element-dfde001 e-flex e-con-boxed e-con e-parent\" data-id=\"dfde001\" data-element_type=\"container\" data-e-type=\"container\" data-settings=\"{&quot;background_background&quot;:&quot;classic&quot;}\">\n\t\t\t\t\t<div class=\"e-con-inner\">\n\t\t\t\t<div class=\"elementor-element elementor-element-f99e2b2 elementor-widget elementor-widget-button\" data-id=\"f99e2b2\" data-element_type=\"widget\" data-e-type=\"widget\" data-widget_type=\"button.default\">\n\t\t\t\t<div class=\"elementor-widget-container\">\n\t\t\t\t\t\t\t\t\t<div class=\"elementor-button-wrapper\">\n\t\t\t\t\t<a class=\"elementor-button elementor-button-link elementor-size-xl\" href=\"https:\/\/www.aetna.com\/dsepublic\/#\/contentPage?page=providerSearchLanding&#038;site_id=passport\" target=\"_blank\">\n\t\t\t\t\t\t<span class=\"elementor-button-content-wrapper\">\n\t\t\t\t\t\t<span class=\"elementor-button-icon\">\n\t\t\t\t<i aria-hidden=\"true\" class=\"fas fa-arrow-right\"><\/i>\t\t\t<\/span>\n\t\t\t\t\t\t\t\t\t<span class=\"elementor-button-text\">Einen Anbieter finden<\/span>\n\t\t\t\t\t<\/span>\n\t\t\t\t\t<\/a>\n\t\t\t\t<\/div>\n\t\t\t\t\t\t\t\t<\/div>\n\t\t\t\t<\/div>\n\t\t\t\t\t<\/div>\n\t\t\t\t<\/div>\n\t\t\t\t<\/div>\n\t\t","protected":false},"excerpt":{"rendered":"<p>Einen registrierten Anbieter f\u00fcr Gesundheitsleistungen finden Global Excel unterh\u00e4lt landesweite Partnerschaften mit Anbieternetzwerken, die den Mitgliedern einen bequemen Zugang zu qualitativ hochwertiger Versorgung zu angemessenen Kosten erm\u00f6glichen. Einen Anbieter finden Vorteile einer Mitgliedschaft im Netzwerk Das Hauptaugenmerk von Global Excel liegt auf dem Zugang zu einer kosteneffizienten und qualitativ hochwertigen Versorgung. In den USA sind [&hellip;]<\/p>\n","protected":false},"author":2,"featured_media":0,"parent":0,"menu_order":0,"comment_status":"closed","ping_status":"closed","template":"","meta":{"inline_featured_image":false,"footnotes":""},"class_list":["post-2543","page","type-page","status-publish","hentry"],"_links":{"self":[{"href":"https:\/\/globality.globalexcel.com\/de\/wp-json\/wp\/v2\/pages\/2543","targetHints":{"allow":["GET"]}}],"collection":[{"href":"https:\/\/globality.globalexcel.com\/de\/wp-json\/wp\/v2\/pages"}],"about":[{"href":"https:\/\/globality.globalexcel.com\/de\/wp-json\/wp\/v2\/types\/page"}],"author":[{"embeddable":true,"href":"https:\/\/globality.globalexcel.com\/de\/wp-json\/wp\/v2\/users\/2"}],"replies":[{"embeddable":true,"href":"https:\/\/globality.globalexcel.com\/de\/wp-json\/wp\/v2\/comments?post=2543"}],"version-history":[{"count":7,"href":"https:\/\/globality.globalexcel.com\/de\/wp-json\/wp\/v2\/pages\/2543\/revisions"}],"predecessor-version":[{"id":2941,"href":"https:\/\/globality.globalexcel.com\/de\/wp-json\/wp\/v2\/pages\/2543\/revisions\/2941"}],"wp:attachment":[{"href":"https:\/\/globality.globalexcel.com\/de\/wp-json\/wp\/v2\/media?parent=2543"}],"curies":[{"name":"wp","href":"https:\/\/api.w.org\/{rel}","templated":true}]}}