{"id":2531,"date":"2023-03-22T16:03:47","date_gmt":"2023-03-22T20:03:47","guid":{"rendered":"https:\/\/demorc.globalexcel.com\/einen-zahnarzt-finden\/"},"modified":"2025-07-31T10:47:05","modified_gmt":"2025-07-31T14:47:05","slug":"einen-zahnarzt-finden","status":"publish","type":"page","link":"https:\/\/globality.globalexcel.com\/de\/einen-zahnarzt-finden\/","title":{"rendered":"Einen Zahnarzt finden"},"content":{"rendered":"\t\t<div data-elementor-type=\"wp-page\" data-elementor-id=\"2531\" class=\"elementor elementor-2531 elementor-1540\" data-elementor-post-type=\"page\">\n\t\t\t\t<div class=\"elementor-element elementor-element-65a3a47 e-flex e-con-boxed e-con e-parent\" data-id=\"65a3a47\" data-element_type=\"container\" data-e-type=\"container\" data-settings=\"{&quot;background_background&quot;:&quot;classic&quot;}\">\n\t\t\t\t\t<div class=\"e-con-inner\">\n\t\t\t\t<div class=\"elementor-element elementor-element-74d447a elementor-widget elementor-widget-heading\" data-id=\"74d447a\" data-element_type=\"widget\" data-e-type=\"widget\" data-widget_type=\"heading.default\">\n\t\t\t\t<div class=\"elementor-widget-container\">\n\t\t\t\t\t<h1 class=\"elementor-heading-title elementor-size-default\">Einen Zahnarzt finden<\/h1>\t\t\t\t<\/div>\n\t\t\t\t<\/div>\n\t\t\t\t\t<\/div>\n\t\t\t\t<\/div>\n\t\t<div class=\"elementor-element elementor-element-da69158 e-flex e-con-boxed e-con e-parent\" data-id=\"da69158\" data-element_type=\"container\" data-e-type=\"container\">\n\t\t\t\t\t<div class=\"e-con-inner\">\n\t\t\t\t<div class=\"elementor-element elementor-element-16dee9f elementor-widget elementor-widget-heading\" data-id=\"16dee9f\" data-element_type=\"widget\" data-e-type=\"widget\" data-widget_type=\"heading.default\">\n\t\t\t\t<div class=\"elementor-widget-container\">\n\t\t\t\t\t<h2 class=\"elementor-heading-title elementor-size-default\"><strong>Global Excel<\/strong> und <strong>Dentemax<\/strong> haben sich zusammengetan, um eines der gr\u00f6\u00dften nationalen zahn\u00e4rztlichen Netzwerke zu schaffen, das hohe Qualit\u00e4t und faire Preise garantiert.<\/h2>\t\t\t\t<\/div>\n\t\t\t\t<\/div>\n\t\t<div class=\"elementor-element elementor-element-3689a63 e-con-full e-flex e-con e-child\" data-id=\"3689a63\" data-element_type=\"container\" data-e-type=\"container\">\n\t\t\t\t<div class=\"elementor-element elementor-element-f4e7dcd elementor-widget__width-initial elementor-widget elementor-widget-heading\" data-id=\"f4e7dcd\" data-element_type=\"widget\" data-e-type=\"widget\" data-widget_type=\"heading.default\">\n\t\t\t\t<div class=\"elementor-widget-container\">\n\t\t\t\t\t<p class=\"elementor-heading-title elementor-size-default\">Alle Zahn\u00e4rzte im DenteMax Netzwerk sind bereit die Kosten um 20% bis 40% zu erm\u00e4\u00dfigen. Dies ist jedoch nicht der einzige Vorteil: das DenteMax Netzwerk erm\u00f6glicht den Zugang zu Zahn\u00e4rzten welche hochqualitative Leistungen stellen. <\/p>\t\t\t\t<\/div>\n\t\t\t\t<\/div>\n\t\t\t\t<div class=\"elementor-element elementor-element-a2dfe57 elementor-widget elementor-widget-button\" data-id=\"a2dfe57\" data-element_type=\"widget\" data-e-type=\"widget\" data-widget_type=\"button.default\">\n\t\t\t\t<div class=\"elementor-widget-container\">\n\t\t\t\t\t\t\t\t\t<div class=\"elementor-button-wrapper\">\n\t\t\t\t\t<a class=\"elementor-button elementor-button-link elementor-size-xl\" href=\"https:\/\/www.dentemax.com\/find-a-dentist\" target=\"_blank\">\n\t\t\t\t\t\t<span class=\"elementor-button-content-wrapper\">\n\t\t\t\t\t\t<span class=\"elementor-button-icon\">\n\t\t\t\t<i aria-hidden=\"true\" class=\"fas fa-arrow-right\"><\/i>\t\t\t<\/span>\n\t\t\t\t\t\t\t\t\t<span class=\"elementor-button-text\">Einen Zahnarzt finden<\/span>\n\t\t\t\t\t<\/span>\n\t\t\t\t\t<\/a>\n\t\t\t\t<\/div>\n\t\t\t\t\t\t\t\t<\/div>\n\t\t\t\t<\/div>\n\t\t\t\t<\/div>\n\t\t\t\t<div class=\"elementor-element elementor-element-1501a1f elementor-widget-divider--view-line elementor-widget elementor-widget-divider\" data-id=\"1501a1f\" data-element_type=\"widget\" data-e-type=\"widget\" data-widget_type=\"divider.default\">\n\t\t\t\t<div class=\"elementor-widget-container\">\n\t\t\t\t\t\t\t<div class=\"elementor-divider\">\n\t\t\t<span class=\"elementor-divider-separator\">\n\t\t\t\t\t\t<\/span>\n\t\t<\/div>\n\t\t\t\t\t\t<\/div>\n\t\t\t\t<\/div>\n\t\t\t\t<div class=\"elementor-element elementor-element-aa20d4a elementor-widget elementor-widget-heading\" data-id=\"aa20d4a\" data-element_type=\"widget\" data-e-type=\"widget\" data-widget_type=\"heading.default\">\n\t\t\t\t<div class=\"elementor-widget-container\">\n\t\t\t\t\t<h2 class=\"elementor-heading-title elementor-size-default\">Vorteile einer Mitgliedschaft im Netzwerk<\/h2>\t\t\t\t<\/div>\n\t\t\t\t<\/div>\n\t\t\t\t<div class=\"elementor-element elementor-element-365d676 elementor-widget elementor-widget-text-editor\" data-id=\"365d676\" data-element_type=\"widget\" data-e-type=\"widget\" data-widget_type=\"text-editor.default\">\n\t\t\t\t<div class=\"elementor-widget-container\">\n\t\t\t\t\t\t\t\t\t<p>Das Hauptaugenmerk von Global Excel liegt auf dem Zugang zu einer kosteng\u00fcnstigen und qualitativ hochwertigen Versorgung. In den USA sind viele Zahn\u00e4rzte an ein bestimmtes Netzwerk angeschlossen, das auf der Seite <a href=\"https:\/\/globality.globalexcel.com\/de\/das-lokale-gesundheitssystem-kennenlernen\/\">Lernen Sie mein Gesundheitssystem kennen<\/a> n\u00e4her erl\u00e4utert wird. <\/p>\n<p>Ein Besuch bei einem \u201eIn-Network\u201c-Anbieter ist f\u00fcr Sie von Vorteil, da der Anbieter in der Regel keine Vorauszahlung verlangt (es sei denn, es gibt eine Selbstbeteiligung oder einen Selbstbehalt) und er bereits auf Kosten und Qualit\u00e4t gepr\u00fcft wurde.<\/p>\n\t\t\t\t\t\t\t\t<\/div>\n\t\t\t\t<\/div>\n\t\t<div class=\"elementor-element elementor-element-758fce1 e-flex e-con-boxed e-con e-child\" data-id=\"758fce1\" data-element_type=\"container\" data-e-type=\"container\">\n\t\t\t\t\t<div class=\"e-con-inner\">\n\t\t<div class=\"elementor-element elementor-element-afffe59 e-con-full e-flex e-con e-child\" data-id=\"afffe59\" data-element_type=\"container\" data-e-type=\"container\" data-settings=\"{&quot;background_background&quot;:&quot;classic&quot;}\">\n\t\t\t\t<div class=\"elementor-element elementor-element-ac780e9 elementor-widget elementor-widget-text-editor\" data-id=\"ac780e9\" data-element_type=\"widget\" data-e-type=\"widget\" data-widget_type=\"text-editor.default\">\n\t\t\t\t<div class=\"elementor-widget-container\">\n\t\t\t\t\t\t\t\t\t<h3>Zugang<\/h3>\n<p>DenteMax, eines der gr\u00f6\u00dften nationalen zahn\u00e4rztlichen Netzwerke, bietet:<\/p>\n<ul>\n<li>Zugang zu mehr als 270.000 zahn\u00e4rztlichen Anlaufstellen im ganzen Land<\/li>\n<li>Kein Papierkram \u2013 Wenn Sie einmal einen anderen Zahnarzt aufsuchen m\u00f6chten, m\u00fcssen Sie keinen Papierkram ausf\u00fcllen und keine Wartezeiten in Kauf nehmen.<\/li>\n<\/ul>\n\t\t\t\t\t\t\t\t<\/div>\n\t\t\t\t<\/div>\n\t\t\t\t<\/div>\n\t\t<div class=\"elementor-element elementor-element-b75835a e-con-full e-flex e-con e-child\" data-id=\"b75835a\" data-element_type=\"container\" data-e-type=\"container\" data-settings=\"{&quot;background_background&quot;:&quot;classic&quot;}\">\n\t\t\t\t<div class=\"elementor-element elementor-element-0b1b821 elementor-widget elementor-widget-text-editor\" data-id=\"0b1b821\" data-element_type=\"widget\" data-e-type=\"widget\" data-widget_type=\"text-editor.default\">\n\t\t\t\t<div class=\"elementor-widget-container\">\n\t\t\t\t\t\t\t\t\t<h3>Qualit\u00e4t<\/h3>\n<p>Die strengen Zulassungsrichtlinien von DenteMax geben Ihnen die Sicherheit, dass Sie sich f\u00fcr einen Zahnarzt entscheiden k\u00f6nnen. DenteMax zertifiziert alle Netzwerkzahn\u00e4rzte, indem es die Praxen regelm\u00e4\u00dfig \u00fcberpr\u00fcft, um sicherzustellen, dass sie die Qualit\u00e4tsstandards erf\u00fcllen. <\/p>\n\t\t\t\t\t\t\t\t<\/div>\n\t\t\t\t<\/div>\n\t\t\t\t<\/div>\n\t\t<div class=\"elementor-element elementor-element-0013beb e-con-full e-flex e-con e-child\" data-id=\"0013beb\" data-element_type=\"container\" data-e-type=\"container\" data-settings=\"{&quot;background_background&quot;:&quot;classic&quot;}\">\n\t\t\t\t<div class=\"elementor-element elementor-element-efb18ff elementor-widget elementor-widget-text-editor\" data-id=\"efb18ff\" data-element_type=\"widget\" data-e-type=\"widget\" data-widget_type=\"text-editor.default\">\n\t\t\t\t<div class=\"elementor-widget-container\">\n\t\t\t\t\t\t\t\t\t<h3>Einsparungen<\/h3>\n<p>DenteMax bietet Mitgliedern:<\/p>\n<ul>\n<li>Einsparungen von 20 % bis 40 % der Standardzahnarztkosten bei jedem Besuch bei einem DenteMax-Zahnarzt<\/li>\n<li>Niedrigere Out-of-Pocket-Zahnarztkosten<\/li>\n<li>Die M\u00f6glichkeit, Ihr j\u00e4hrliches Maximum zu erweitern<\/li>\n<li>Netzwerk-Rabatte auf Leistungen, selbst wenn Ihr j\u00e4hrlicher H\u00f6chstbetrag erreicht ist oder auf Leistungen, die nicht von der Versicherung abgedeckt sind<\/li>\n<\/ul>\n\t\t\t\t\t\t\t\t<\/div>\n\t\t\t\t<\/div>\n\t\t\t\t<\/div>\n\t\t\t\t\t<\/div>\n\t\t\t\t<\/div>\n\t\t\t\t\t<\/div>\n\t\t\t\t<\/div>\n\t\t<div class=\"elementor-element elementor-element-dfde001 e-flex e-con-boxed e-con e-parent\" data-id=\"dfde001\" data-element_type=\"container\" data-e-type=\"container\" data-settings=\"{&quot;background_background&quot;:&quot;classic&quot;}\">\n\t\t\t\t\t<div class=\"e-con-inner\">\n\t\t\t\t<div class=\"elementor-element elementor-element-f0a54d4 elementor-widget elementor-widget-button\" data-id=\"f0a54d4\" data-element_type=\"widget\" data-e-type=\"widget\" data-widget_type=\"button.default\">\n\t\t\t\t<div class=\"elementor-widget-container\">\n\t\t\t\t\t\t\t\t\t<div class=\"elementor-button-wrapper\">\n\t\t\t\t\t<a class=\"elementor-button elementor-button-link elementor-size-xl\" href=\"https:\/\/www.dentemax.com\/find-a-dentist\" target=\"_blank\">\n\t\t\t\t\t\t<span class=\"elementor-button-content-wrapper\">\n\t\t\t\t\t\t<span class=\"elementor-button-icon\">\n\t\t\t\t<i aria-hidden=\"true\" class=\"fas fa-arrow-right\"><\/i>\t\t\t<\/span>\n\t\t\t\t\t\t\t\t\t<span class=\"elementor-button-text\">Einen Zahnarzt finden<\/span>\n\t\t\t\t\t<\/span>\n\t\t\t\t\t<\/a>\n\t\t\t\t<\/div>\n\t\t\t\t\t\t\t\t<\/div>\n\t\t\t\t<\/div>\n\t\t\t\t<div class=\"elementor-element elementor-element-829a8c8 elementor-widget elementor-widget-button\" data-id=\"829a8c8\" data-element_type=\"widget\" data-e-type=\"widget\" data-widget_type=\"button.default\">\n\t\t\t\t<div class=\"elementor-widget-container\">\n\t\t\t\t\t\t\t\t\t<div class=\"elementor-button-wrapper\">\n\t\t\t\t\t<a class=\"elementor-button elementor-button-link elementor-size-xl\" href=\"https:\/\/globality.globalexcel.com\/de\/das-lokale-gesundheitssystem-kennenlernen\/\">\n\t\t\t\t\t\t<span class=\"elementor-button-content-wrapper\">\n\t\t\t\t\t\t<span class=\"elementor-button-icon\">\n\t\t\t\t<i aria-hidden=\"true\" class=\"fas fa-arrow-right\"><\/i>\t\t\t<\/span>\n\t\t\t\t\t\t\t\t\t<span class=\"elementor-button-text\">Lernen Sie Gesundheitssystem kennen<\/span>\n\t\t\t\t\t<\/span>\n\t\t\t\t\t<\/a>\n\t\t\t\t<\/div>\n\t\t\t\t\t\t\t\t<\/div>\n\t\t\t\t<\/div>\n\t\t\t\t\t<\/div>\n\t\t\t\t<\/div>\n\t\t\t\t<\/div>\n\t\t","protected":false},"excerpt":{"rendered":"<p>Einen Zahnarzt finden Global Excel und Dentemax haben sich zusammengetan, um eines der gr\u00f6\u00dften nationalen zahn\u00e4rztlichen Netzwerke zu schaffen, das hohe Qualit\u00e4t und faire Preise garantiert. Alle Zahn\u00e4rzte im DenteMax Netzwerk sind bereit die Kosten um 20% bis 40% zu erm\u00e4\u00dfigen. Dies ist jedoch nicht der einzige Vorteil: das DenteMax Netzwerk erm\u00f6glicht den Zugang zu [&hellip;]<\/p>\n","protected":false},"author":2,"featured_media":0,"parent":0,"menu_order":0,"comment_status":"closed","ping_status":"closed","template":"","meta":{"inline_featured_image":false,"footnotes":""},"class_list":["post-2531","page","type-page","status-publish","hentry"],"_links":{"self":[{"href":"https:\/\/globality.globalexcel.com\/de\/wp-json\/wp\/v2\/pages\/2531","targetHints":{"allow":["GET"]}}],"collection":[{"href":"https:\/\/globality.globalexcel.com\/de\/wp-json\/wp\/v2\/pages"}],"about":[{"href":"https:\/\/globality.globalexcel.com\/de\/wp-json\/wp\/v2\/types\/page"}],"author":[{"embeddable":true,"href":"https:\/\/globality.globalexcel.com\/de\/wp-json\/wp\/v2\/users\/2"}],"replies":[{"embeddable":true,"href":"https:\/\/globality.globalexcel.com\/de\/wp-json\/wp\/v2\/comments?post=2531"}],"version-history":[{"count":16,"href":"https:\/\/globality.globalexcel.com\/de\/wp-json\/wp\/v2\/pages\/2531\/revisions"}],"predecessor-version":[{"id":3306,"href":"https:\/\/globality.globalexcel.com\/de\/wp-json\/wp\/v2\/pages\/2531\/revisions\/3306"}],"wp:attachment":[{"href":"https:\/\/globality.globalexcel.com\/de\/wp-json\/wp\/v2\/media?parent=2531"}],"curies":[{"name":"wp","href":"https:\/\/api.w.org\/{rel}","templated":true}]}}